{"id":9,"date":"2020-11-14T11:10:54","date_gmt":"2020-11-14T11:10:54","guid":{"rendered":"https:\/\/meisen.sternschalen.de\/?page_id=9"},"modified":"2021-01-08T21:50:41","modified_gmt":"2021-01-08T20:50:41","slug":"meisenkasten","status":"publish","type":"page","link":"https:\/\/meisen.sternschalen.de\/","title":{"rendered":"Start"},"content":{"rendered":"\n<div style=\"height:61px\" aria-hidden=\"true\" class=\"wp-block-spacer\"><\/div>\n\n\n\n<div class=\"wp-block-columns\">\n<div class=\"wp-block-column\" style=\"flex-basis:75.7%\">\n<h2>Herzlich Willkommen!<\/h2>\n\n\n\n<div class=\"wp-block-columns\">\n<div class=\"wp-block-column\">\n<p><br>In Hamburg Langenhorn warten zwei Nistk\u00e4sten auf den Bezug. Die erste Kohlmeise hat den Nistkasten schon als Schlafst\u00e4tte entdeckt.<\/p>\n<\/div>\n\n\n\n<div class=\"wp-block-column super-block\">\n<figure class=\"wp-block-image size-large is-resized is-style-rounded super-block\"><img loading=\"lazy\" src=\"https:\/\/meisen.sternschalen.de\/wp-content\/uploads\/2020\/11\/Screenshot-2020-11-15-at-22.24.41.png\" alt=\"\" class=\"wp-image-237\" width=\"257\" height=\"182\" srcset=\"https:\/\/meisen.sternschalen.de\/wp-content\/uploads\/2020\/11\/Screenshot-2020-11-15-at-22.24.41.png 994w, https:\/\/meisen.sternschalen.de\/wp-content\/uploads\/2020\/11\/Screenshot-2020-11-15-at-22.24.41-300x212.png 300w, https:\/\/meisen.sternschalen.de\/wp-content\/uploads\/2020\/11\/Screenshot-2020-11-15-at-22.24.41-768x544.png 768w\" sizes=\"(max-width: 257px) 100vw, 257px\" \/><\/figure>\n<\/div>\n<\/div>\n\n\n\n<p>Die Idee, sowie die Bauvorlage f\u00fcr die K\u00e4sten stammt von <a rel=\"noreferrer noopener\" href=\"https:\/\/www.nistkasten-livestream.de\" target=\"_blank\">nistkasten-livestream.de<\/a>.<br>Daher an dieser Stelle vielen Dank f\u00fcr den Anreiz und die detailierten Beschreibungen!<\/p>\n<\/div>\n\n\n\n<div class=\"wp-block-column\" style=\"flex-basis:33.33%\">\n<div class=\"outerbox\">\n  <div class=\"stream\" align=\"center\">\n    <iframe src=\"https:\/\/player.twitch.tv\/?channel=langenhorn_west&amp;parent=meisen.sternschalen.de\" allowfullscreen=\"true\" scrolling=\"no\" frameborder=\"0\"><\/iframe>\n  <\/div>\n  <div class=\"heading\" align=\"center\">Nistkasten West<\/div>\n  <br>\n  <div class=\"stream\" align=\"center\">\n    <iframe src=\"https:\/\/player.twitch.tv\/?channel=langenhorn_ost&amp;parent=meisen.sternschalen.de\" allowfullscreen=\"true\" scrolling=\"no\" frameborder=\"0\"><\/iframe>\n  <\/div>\n  <div class=\"heading\" align=\"center\">Nistkasten Ost<\/div>\n<\/div>\n<\/div>\n<\/div>\n\n\n\n<p><\/p>\n\n\n\n<div class=\"wp-block-columns has-white-color has-text-color\">\n<div class=\"wp-block-column\"><\/div>\n\n\n\n<div class=\"wp-block-column\"><\/div>\n<\/div>\n\n\n\n<hr class=\"wp-block-separator is-style-wide\"\/>\n\n\n\n<h1>Neuigkeiten<\/h1>\n\n\n\n<div class=\"my-grid-layout\"><div class=\"listing-item\"><a class=\"title\" href=\"https:\/\/meisen.sternschalen.de\/?p=371\">Abendlicher Besuch<\/a> <span class=\"date\">26. Januar 2021<\/span> <span class=\"category-display\"><span class=\"category-display-label\">Katgorie:<\/span> <a href=\"https:\/\/meisen.sternschalen.de\/?cat=4\">Nistkasten West<\/a><\/span><div class=\"content\">\n<p>kurzer Besuch f\u00fcr die Blaumeise \ud83d\ude42<\/p>\n\n\n\n<figure class=\"wp-block-embed-youtube wp-block-embed is-type-video is-provider-youtube wp-embed-aspect-16-9 wp-has-aspect-ratio\"><div class=\"wp-block-embed__wrapper\">\n<div class=\"nv-iframe-embed\"><iframe title=\"Abendlicher Besuch\" width=\"1200\" height=\"675\" src=\"https:\/\/www.youtube.com\/embed\/aNUYgU8vd2o?feature=oembed\" frameborder=\"0\" allow=\"accelerometer; autoplay; clipboard-write; encrypted-media; gyroscope; picture-in-picture\" allowfullscreen><\/iframe><\/div>\n<\/div><\/figure>\n<\/div><\/div><div class=\"listing-item\"><a class=\"title\" href=\"https:\/\/meisen.sternschalen.de\/?p=369\">Nistkasten West bezogen!<\/a> <span class=\"date\">23. Januar 2021<\/span> <span class=\"category-display\"><span class=\"category-display-label\">Katgorie:<\/span> <a href=\"https:\/\/meisen.sternschalen.de\/?cat=4\">Nistkasten West<\/a><\/span><div class=\"content\">\n<p>Nach langer Durststrecke wurde am 23.01. der 2. Nistkasten von einer Blaumeise bezogen. Bisher ist sie jeden Abend wiedergekommen.<\/p>\n\n\n\n<figure class=\"wp-block-embed-youtube wp-block-embed is-type-video is-provider-youtube wp-embed-aspect-16-9 wp-has-aspect-ratio\"><div class=\"wp-block-embed__wrapper\">\n<div class=\"nv-iframe-embed\"><iframe title=\"Blaumeise zieht im Kasten West ein\" width=\"1200\" height=\"675\" src=\"https:\/\/www.youtube.com\/embed\/VGWxY8aBP9w?feature=oembed\" frameborder=\"0\" allow=\"accelerometer; autoplay; clipboard-write; encrypted-media; gyroscope; picture-in-picture\" allowfullscreen><\/iframe><\/div>\n<\/div><\/figure>\n<\/div><\/div><div class=\"listing-item\"><a class=\"title\" href=\"https:\/\/meisen.sternschalen.de\/?p=359\">Update<\/a> <span class=\"date\">8. Januar 2021<\/span> <span class=\"category-display\"><span class=\"category-display-label\">Katgorie:<\/span> <a href=\"https:\/\/meisen.sternschalen.de\/?cat=3\">Nistkasten Ost<\/a><\/span><div class=\"content\">\n<p>Da es schon lange mehr keinen Beitrag mehr gegeben hat, hier ein kleines Update:<\/p>\n\n\n\n<p>Seit dem die Blaumeise vertrieben wurde kommt die Kohlmeise (wir glauben m\u00e4nnlich) jeden &#8211; wirklich ausnahmslos jeden &#8211; Abend gegen Sonnentergang und \u00fcbernachtet im Kasten, den sie gegen 8 Uhr morgens wieder verl\u00e4sst. In den Vormittagsstunden wird ein bisschen am Einflugloch gebaut, bis sie dann zum Abend davonflattert. <br><br>Hier ein paar Eindr\u00fccke:<\/p>\n\n\n\n<figure class=\"wp-block-gallery columns-3 is-cropped\"><ul class=\"blocks-gallery-grid\"><li class=\"blocks-gallery-item\"><figure><img loading=\"lazy\" width=\"1024\" height=\"578\" src=\"https:\/\/meisen.sternschalen.de\/wp-content\/uploads\/2021\/01\/Screenshot-from-2021-01-08-21-36-59-1024x578.png\" alt=\"\" data-id=\"360\" data-full-url=\"https:\/\/meisen.sternschalen.de\/wp-content\/uploads\/2021\/01\/Screenshot-from-2021-01-08-21-36-59.png\" data-link=\"https:\/\/meisen.sternschalen.de\/?attachment_id=360\" class=\"wp-image-360\" srcset=\"https:\/\/meisen.sternschalen.de\/wp-content\/uploads\/2021\/01\/Screenshot-from-2021-01-08-21-36-59-1024x578.png 1024w, https:\/\/meisen.sternschalen.de\/wp-content\/uploads\/2021\/01\/Screenshot-from-2021-01-08-21-36-59-300x169.png 300w, https:\/\/meisen.sternschalen.de\/wp-content\/uploads\/2021\/01\/Screenshot-from-2021-01-08-21-36-59-768x434.png 768w, https:\/\/meisen.sternschalen.de\/wp-content\/uploads\/2021\/01\/Screenshot-from-2021-01-08-21-36-59-1536x867.png 1536w, https:\/\/meisen.sternschalen.de\/wp-content\/uploads\/2021\/01\/Screenshot-from-2021-01-08-21-36-59.png 1675w\" sizes=\"(max-width: 1024px) 100vw, 1024px\" \/><\/figure><\/li><li class=\"blocks-gallery-item\"><figure><img loading=\"lazy\" width=\"1024\" height=\"581\" src=\"https:\/\/meisen.sternschalen.de\/wp-content\/uploads\/2021\/01\/Screenshot-from-2021-01-08-21-37-09-1024x581.png\" alt=\"\" data-id=\"361\" data-full-url=\"https:\/\/meisen.sternschalen.de\/wp-content\/uploads\/2021\/01\/Screenshot-from-2021-01-08-21-37-09.png\" data-link=\"https:\/\/meisen.sternschalen.de\/?attachment_id=361\" class=\"wp-image-361\" srcset=\"https:\/\/meisen.sternschalen.de\/wp-content\/uploads\/2021\/01\/Screenshot-from-2021-01-08-21-37-09-1024x581.png 1024w, https:\/\/meisen.sternschalen.de\/wp-content\/uploads\/2021\/01\/Screenshot-from-2021-01-08-21-37-09-300x170.png 300w, https:\/\/meisen.sternschalen.de\/wp-content\/uploads\/2021\/01\/Screenshot-from-2021-01-08-21-37-09-768x435.png 768w, https:\/\/meisen.sternschalen.de\/wp-content\/uploads\/2021\/01\/Screenshot-from-2021-01-08-21-37-09-1536x871.png 1536w, https:\/\/meisen.sternschalen.de\/wp-content\/uploads\/2021\/01\/Screenshot-from-2021-01-08-21-37-09.png 1672w\" sizes=\"(max-width: 1024px) 100vw, 1024px\" \/><\/figure><\/li><li class=\"blocks-gallery-item\"><figure><img loading=\"lazy\" width=\"1024\" height=\"537\" src=\"https:\/\/meisen.sternschalen.de\/wp-content\/uploads\/2021\/01\/Screenshot-from-2021-01-08-21-38-45-1024x537.png\" alt=\"\" data-id=\"362\" data-full-url=\"https:\/\/meisen.sternschalen.de\/wp-content\/uploads\/2021\/01\/Screenshot-from-2021-01-08-21-38-45.png\" data-link=\"https:\/\/meisen.sternschalen.de\/?attachment_id=362\" class=\"wp-image-362\" srcset=\"https:\/\/meisen.sternschalen.de\/wp-content\/uploads\/2021\/01\/Screenshot-from-2021-01-08-21-38-45-1024x537.png 1024w, https:\/\/meisen.sternschalen.de\/wp-content\/uploads\/2021\/01\/Screenshot-from-2021-01-08-21-38-45-300x157.png 300w, https:\/\/meisen.sternschalen.de\/wp-content\/uploads\/2021\/01\/Screenshot-from-2021-01-08-21-38-45-768x403.png 768w, https:\/\/meisen.sternschalen.de\/wp-content\/uploads\/2021\/01\/Screenshot-from-2021-01-08-21-38-45-1536x805.png 1536w, https:\/\/meisen.sternschalen.de\/wp-content\/uploads\/2021\/01\/Screenshot-from-2021-01-08-21-38-45.png 1804w\" sizes=\"(max-width: 1024px) 100vw, 1024px\" \/><\/figure><\/li><li class=\"blocks-gallery-item\"><figure><img loading=\"lazy\" width=\"1024\" height=\"500\" src=\"https:\/\/meisen.sternschalen.de\/wp-content\/uploads\/2021\/01\/Screenshot-from-2021-01-08-21-39-27-1024x500.png\" alt=\"\" data-id=\"363\" data-full-url=\"https:\/\/meisen.sternschalen.de\/wp-content\/uploads\/2021\/01\/Screenshot-from-2021-01-08-21-39-27.png\" data-link=\"https:\/\/meisen.sternschalen.de\/?attachment_id=363\" class=\"wp-image-363\" srcset=\"https:\/\/meisen.sternschalen.de\/wp-content\/uploads\/2021\/01\/Screenshot-from-2021-01-08-21-39-27-1024x500.png 1024w, https:\/\/meisen.sternschalen.de\/wp-content\/uploads\/2021\/01\/Screenshot-from-2021-01-08-21-39-27-300x146.png 300w, https:\/\/meisen.sternschalen.de\/wp-content\/uploads\/2021\/01\/Screenshot-from-2021-01-08-21-39-27-768x375.png 768w, https:\/\/meisen.sternschalen.de\/wp-content\/uploads\/2021\/01\/Screenshot-from-2021-01-08-21-39-27.png 1441w\" sizes=\"(max-width: 1024px) 100vw, 1024px\" \/><\/figure><\/li><li class=\"blocks-gallery-item\"><figure><img loading=\"lazy\" width=\"1024\" height=\"498\" src=\"https:\/\/meisen.sternschalen.de\/wp-content\/uploads\/2021\/01\/Screenshot-from-2021-01-08-21-40-58-1024x498.png\" alt=\"\" data-id=\"364\" data-full-url=\"https:\/\/meisen.sternschalen.de\/wp-content\/uploads\/2021\/01\/Screenshot-from-2021-01-08-21-40-58.png\" data-link=\"https:\/\/meisen.sternschalen.de\/?attachment_id=364\" class=\"wp-image-364\" srcset=\"https:\/\/meisen.sternschalen.de\/wp-content\/uploads\/2021\/01\/Screenshot-from-2021-01-08-21-40-58-1024x498.png 1024w, https:\/\/meisen.sternschalen.de\/wp-content\/uploads\/2021\/01\/Screenshot-from-2021-01-08-21-40-58-300x146.png 300w, https:\/\/meisen.sternschalen.de\/wp-content\/uploads\/2021\/01\/Screenshot-from-2021-01-08-21-40-58-768x374.png 768w, https:\/\/meisen.sternschalen.de\/wp-content\/uploads\/2021\/01\/Screenshot-from-2021-01-08-21-40-58.png 1440w\" sizes=\"(max-width: 1024px) 100vw, 1024px\" \/><\/figure><\/li><\/ul><\/figure>\n<\/div><\/div><div class=\"listing-item\"><a class=\"title\" href=\"https:\/\/meisen.sternschalen.de\/?p=340\">Kohlmeise vertreibt Blaumeise<\/a> <span class=\"date\">13. Dezember 2020<\/span> <span class=\"category-display\"><span class=\"category-display-label\">Katgorie:<\/span> <a href=\"https:\/\/meisen.sternschalen.de\/?cat=3\">Nistkasten Ost<\/a><\/span><div class=\"content\">\n<p>Nachdem die Blaumeise fast eine Woche in unserem Nistkasten \u00fcbernachtet hat, wird sie von der Kohlmeise verjagt.             Seit diesem Vorfall wohnt die Kohlmeise im Nistkasten Ost.<\/p>\n\n\n\n<figure class=\"wp-block-embed-youtube wp-block-embed is-type-video is-provider-youtube wp-embed-aspect-16-9 wp-has-aspect-ratio\"><div class=\"wp-block-embed__wrapper\">\n<div class=\"nv-iframe-embed\"><iframe title=\"Kohlmeise verjagt Blaumeise!\" width=\"1200\" height=\"675\" src=\"https:\/\/www.youtube.com\/embed\/4d6ZeAURdw0?feature=oembed\" frameborder=\"0\" allow=\"accelerometer; autoplay; clipboard-write; encrypted-media; gyroscope; picture-in-picture\" allowfullscreen><\/iframe><\/div>\n<\/div><\/figure>\n\n\n\n<p><\/p>\n<\/div><\/div><div class=\"listing-item\"><a class=\"title\" href=\"https:\/\/meisen.sternschalen.de\/?p=333\">Erster \u00dcbernachtungsgast<\/a> <span class=\"date\">5. Dezember 2020<\/span> <span class=\"category-display\"><span class=\"category-display-label\">Katgorie:<\/span> <a href=\"https:\/\/meisen.sternschalen.de\/?cat=3\">Nistkasten Ost<\/a><\/span><div class=\"content\">\n<p>Nachdem die Kohlmeise weiterhin vormittags den Kasten Ost untersucht, hat inzwischen zum 3. Mal eine Blaumeise \u00fcbernachtet. Gute Nacht&#8230;<\/p>\n\n\n\n<p><\/p>\n\n\n\n<figure class=\"wp-block-embed-youtube wp-block-embed is-type-video is-provider-youtube wp-embed-aspect-16-9 wp-has-aspect-ratio\"><div class=\"wp-block-embed__wrapper\">\n<div class=\"nv-iframe-embed\"><iframe title=\"Blaumeise \u00fcbernachtet\" width=\"1200\" height=\"675\" src=\"https:\/\/www.youtube.com\/embed\/jt0GMI2xPVE?feature=oembed\" frameborder=\"0\" allow=\"accelerometer; autoplay; clipboard-write; encrypted-media; gyroscope; picture-in-picture\" allowfullscreen><\/iframe><\/div>\n<\/div><\/figure>\n<\/div><\/div><div class=\"listing-item\"><a class=\"title\" href=\"https:\/\/meisen.sternschalen.de\/?p=314\">Kohlmeise untersucht Kasten Ost<\/a> <span class=\"date\">1. Dezember 2020<\/span> <span class=\"category-display\"><span class=\"category-display-label\">Katgorie:<\/span> <a href=\"https:\/\/meisen.sternschalen.de\/?cat=3\">Nistkasten Ost<\/a><\/span><div class=\"content\">\n<p>Heute gabs eine ernsthafte Untersuchung:<\/p>\n\n\n\n<div style=\"height:38px\" aria-hidden=\"true\" class=\"wp-block-spacer\"><\/div>\n\n\n\n<figure class=\"wp-block-embed-youtube wp-block-embed is-type-video is-provider-youtube wp-embed-aspect-16-9 wp-has-aspect-ratio\"><div class=\"wp-block-embed__wrapper\">\n<div class=\"nv-iframe-embed\"><iframe title=\"Kohlmeise 2\" width=\"1200\" height=\"675\" src=\"https:\/\/www.youtube.com\/embed\/yedlf78lpdA?feature=oembed\" frameborder=\"0\" allow=\"accelerometer; autoplay; clipboard-write; encrypted-media; gyroscope; picture-in-picture\" allowfullscreen><\/iframe><\/div>\n<\/div><\/figure>\n<\/div><\/div><div class=\"listing-item\"><a class=\"title\" href=\"https:\/\/meisen.sternschalen.de\/?p=312\">Erste Blaumeise im Kasten West<\/a> <span class=\"date\">1. Dezember 2020<\/span> <span class=\"category-display\"><span class=\"category-display-label\">Katgorie:<\/span> <a href=\"https:\/\/meisen.sternschalen.de\/?cat=4\">Nistkasten West<\/a><\/span><div class=\"content\">\n<figure class=\"wp-block-embed-youtube wp-block-embed is-type-video is-provider-youtube wp-embed-aspect-16-9 wp-has-aspect-ratio\"><div class=\"wp-block-embed__wrapper\">\n<div class=\"nv-iframe-embed\"><iframe title=\"Erste Blaumeise im Kasten West\" width=\"1200\" height=\"675\" src=\"https:\/\/www.youtube.com\/embed\/0H6FQcfevvo?feature=oembed\" frameborder=\"0\" allow=\"accelerometer; autoplay; clipboard-write; encrypted-media; gyroscope; picture-in-picture\" allowfullscreen><\/iframe><\/div>\n<\/div><\/figure>\n<\/div><\/div><div class=\"listing-item\"><a class=\"title\" href=\"https:\/\/meisen.sternschalen.de\/?p=309\">Erste Inspection!<\/a> <span class=\"date\">28. November 2020<\/span> <span class=\"category-display\"><span class=\"category-display-label\">Katgorie:<\/span> <a href=\"https:\/\/meisen.sternschalen.de\/?cat=3\">Nistkasten Ost<\/a>, <a href=\"https:\/\/meisen.sternschalen.de\/?cat=4\">Nistkasten West<\/a><\/span><div class=\"content\">\n<figure class=\"wp-block-embed-youtube wp-block-embed is-type-video is-provider-youtube wp-embed-aspect-16-9 wp-has-aspect-ratio\"><div class=\"wp-block-embed__wrapper\">\n<div class=\"nv-iframe-embed\"><iframe title=\"Erste Inspektion?\" width=\"1200\" height=\"675\" src=\"https:\/\/www.youtube.com\/embed\/FAoic-_CL5c?feature=oembed\" frameborder=\"0\" allow=\"accelerometer; autoplay; clipboard-write; encrypted-media; gyroscope; picture-in-picture\" allowfullscreen><\/iframe><\/div>\n<\/div><\/figure>\n\n\n\n<p><\/p>\n<\/div><\/div><div class=\"listing-item\"><a class=\"title\" href=\"https:\/\/meisen.sternschalen.de\/?p=302\">Die ersten Besucher, an beiden Standorten<\/a> <span class=\"date\">22. November 2020<\/span> <span class=\"category-display\"><span class=\"category-display-label\">Katgorie:<\/span> <a href=\"https:\/\/meisen.sternschalen.de\/?cat=1\">Allgemein<\/a>, <a href=\"https:\/\/meisen.sternschalen.de\/?cat=3\">Nistkasten Ost<\/a>, <a href=\"https:\/\/meisen.sternschalen.de\/?cat=4\">Nistkasten West<\/a><\/span><div class=\"content\">\n<p>Kohlmeise?<\/p>\n\n\n\n<figure class=\"wp-block-embed-youtube wp-block-embed is-type-video is-provider-youtube wp-embed-aspect-16-9 wp-has-aspect-ratio\"><div class=\"wp-block-embed__wrapper\">\n<div class=\"nv-iframe-embed\"><iframe title=\"Erste Besucher\" width=\"1200\" height=\"675\" src=\"https:\/\/www.youtube.com\/embed\/hhlZsouKkHk?feature=oembed\" frameborder=\"0\" allow=\"accelerometer; autoplay; clipboard-write; encrypted-media; gyroscope; picture-in-picture\" allowfullscreen><\/iframe><\/div>\n<\/div><\/figure>\n<\/div><\/div><div class=\"listing-item\"><a class=\"title\" href=\"https:\/\/meisen.sternschalen.de\/?p=277\">Nistkasten West online<\/a> <span class=\"date\">20. November 2020<\/span> <span class=\"category-display\"><span class=\"category-display-label\">Katgorie:<\/span> <a href=\"https:\/\/meisen.sternschalen.de\/?cat=4\">Nistkasten West<\/a><\/span><div class=\"content\">\n<p>Fast schon dunkel, aber auch der Kasten im Westen ist nun an der Wand und online! &#x1f91f;<\/p>\n\n\n\n<figure class=\"wp-block-gallery columns-1 is-cropped\"><ul class=\"blocks-gallery-grid\"><li class=\"blocks-gallery-item\"><figure><img loading=\"lazy\" width=\"2560\" height=\"1920\" src=\"https:\/\/meisen.sternschalen.de\/wp-content\/uploads\/2020\/11\/img_0526-scaled.jpg\" data-id=\"276\" class=\"wp-image-276\" srcset=\"https:\/\/meisen.sternschalen.de\/wp-content\/uploads\/2020\/11\/img_0526-scaled.jpg 2560w, https:\/\/meisen.sternschalen.de\/wp-content\/uploads\/2020\/11\/img_0526-300x225.jpg 300w, https:\/\/meisen.sternschalen.de\/wp-content\/uploads\/2020\/11\/img_0526-1024x768.jpg 1024w, https:\/\/meisen.sternschalen.de\/wp-content\/uploads\/2020\/11\/img_0526-768x576.jpg 768w, https:\/\/meisen.sternschalen.de\/wp-content\/uploads\/2020\/11\/img_0526-1536x1152.jpg 1536w, https:\/\/meisen.sternschalen.de\/wp-content\/uploads\/2020\/11\/img_0526-2048x1536.jpg 2048w\" sizes=\"(max-width: 2560px) 100vw, 2560px\" \/><\/figure><\/li><\/ul><\/figure>\n<\/div><\/div><\/div>\n\n\n\n<p class=\"has-text-align-center\">alle Beitr\u00e4ge findet Ihr unter &#8222;<a href=\"https:\/\/meisen.sternschalen.de\/?page_id=230\" data-type=\"page\" data-id=\"230\">News<\/a>&#8222;<\/p>\n","protected":false},"excerpt":{"rendered":"<p>Herzlich Willkommen! Die Idee, sowie die Bauvorlage f\u00fcr die K\u00e4sten stammt von nistkasten-livestream.de.Daher an dieser Stelle vielen Dank f\u00fcr den Anreiz und die detailierten Beschreibungen! Nistkasten West Nistkasten Ost Neuigkeiten alle Beitr\u00e4ge findet Ihr unter &#8222;News&#8222;<\/p>\n","protected":false},"author":2,"featured_media":0,"parent":0,"menu_order":0,"comment_status":"closed","ping_status":"closed","template":"","meta":{"neve_meta_sidebar":"","neve_meta_container":"","neve_meta_enable_content_width":"","neve_meta_content_width":0,"neve_meta_title_alignment":"left","neve_meta_author_avatar":"","neve_post_elements_order":"","neve_meta_disable_header":"off","neve_meta_disable_footer":"off","neve_meta_disable_title":"on"},"_links":{"self":[{"href":"https:\/\/meisen.sternschalen.de\/index.php?rest_route=\/wp\/v2\/pages\/9"}],"collection":[{"href":"https:\/\/meisen.sternschalen.de\/index.php?rest_route=\/wp\/v2\/pages"}],"about":[{"href":"https:\/\/meisen.sternschalen.de\/index.php?rest_route=\/wp\/v2\/types\/page"}],"author":[{"embeddable":true,"href":"https:\/\/meisen.sternschalen.de\/index.php?rest_route=\/wp\/v2\/users\/2"}],"replies":[{"embeddable":true,"href":"https:\/\/meisen.sternschalen.de\/index.php?rest_route=%2Fwp%2Fv2%2Fcomments&post=9"}],"version-history":[{"count":76,"href":"https:\/\/meisen.sternschalen.de\/index.php?rest_route=\/wp\/v2\/pages\/9\/revisions"}],"predecessor-version":[{"id":366,"href":"https:\/\/meisen.sternschalen.de\/index.php?rest_route=\/wp\/v2\/pages\/9\/revisions\/366"}],"wp:attachment":[{"href":"https:\/\/meisen.sternschalen.de\/index.php?rest_route=%2Fwp%2Fv2%2Fmedia&parent=9"}],"curies":[{"name":"wp","href":"https:\/\/api.w.org\/{rel}","templated":true}]}}