{"id":221,"date":"2020-11-15T22:14:37","date_gmt":"2020-11-15T21:14:37","guid":{"rendered":"https:\/\/meisen.sternschalen.de\/?page_id=221"},"modified":"2020-11-20T18:42:11","modified_gmt":"2020-11-20T17:42:11","slug":"nistkasten-1","status":"publish","type":"page","link":"https:\/\/meisen.sternschalen.de\/?page_id=221","title":{"rendered":"Nistkasten Ost"},"content":{"rendered":"\n<div class=\"my-grid-layout\"><div class=\"listing-item\"><a class=\"title\" href=\"https:\/\/meisen.sternschalen.de\/?p=359\">Update<\/a> <span class=\"date\">8. Januar 2021<\/span> <span class=\"category-display\"><span class=\"category-display-label\">Katgorie:<\/span> <a href=\"https:\/\/meisen.sternschalen.de\/?cat=3\">Nistkasten Ost<\/a><\/span><div class=\"content\">\n<p>Da es schon lange mehr keinen Beitrag mehr gegeben hat, hier ein kleines Update:<\/p>\n\n\n\n<p>Seit dem die Blaumeise vertrieben wurde kommt die Kohlmeise (wir glauben m\u00e4nnlich) jeden &#8211; wirklich ausnahmslos jeden &#8211; Abend gegen Sonnentergang und \u00fcbernachtet im Kasten, den sie gegen 8 Uhr morgens wieder verl\u00e4sst. In den Vormittagsstunden wird ein bisschen am Einflugloch gebaut, bis sie dann zum Abend davonflattert. <br><br>Hier ein paar Eindr\u00fccke:<\/p>\n\n\n\n<figure class=\"wp-block-gallery columns-3 is-cropped\"><ul class=\"blocks-gallery-grid\"><li class=\"blocks-gallery-item\"><figure><img loading=\"lazy\" width=\"1024\" height=\"578\" src=\"https:\/\/meisen.sternschalen.de\/wp-content\/uploads\/2021\/01\/Screenshot-from-2021-01-08-21-36-59-1024x578.png\" alt=\"\" data-id=\"360\" data-full-url=\"https:\/\/meisen.sternschalen.de\/wp-content\/uploads\/2021\/01\/Screenshot-from-2021-01-08-21-36-59.png\" data-link=\"https:\/\/meisen.sternschalen.de\/?attachment_id=360\" class=\"wp-image-360\" srcset=\"https:\/\/meisen.sternschalen.de\/wp-content\/uploads\/2021\/01\/Screenshot-from-2021-01-08-21-36-59-1024x578.png 1024w, https:\/\/meisen.sternschalen.de\/wp-content\/uploads\/2021\/01\/Screenshot-from-2021-01-08-21-36-59-300x169.png 300w, https:\/\/meisen.sternschalen.de\/wp-content\/uploads\/2021\/01\/Screenshot-from-2021-01-08-21-36-59-768x434.png 768w, https:\/\/meisen.sternschalen.de\/wp-content\/uploads\/2021\/01\/Screenshot-from-2021-01-08-21-36-59-1536x867.png 1536w, https:\/\/meisen.sternschalen.de\/wp-content\/uploads\/2021\/01\/Screenshot-from-2021-01-08-21-36-59.png 1675w\" sizes=\"(max-width: 1024px) 100vw, 1024px\" \/><\/figure><\/li><li class=\"blocks-gallery-item\"><figure><img loading=\"lazy\" width=\"1024\" height=\"581\" src=\"https:\/\/meisen.sternschalen.de\/wp-content\/uploads\/2021\/01\/Screenshot-from-2021-01-08-21-37-09-1024x581.png\" alt=\"\" data-id=\"361\" data-full-url=\"https:\/\/meisen.sternschalen.de\/wp-content\/uploads\/2021\/01\/Screenshot-from-2021-01-08-21-37-09.png\" data-link=\"https:\/\/meisen.sternschalen.de\/?attachment_id=361\" class=\"wp-image-361\" srcset=\"https:\/\/meisen.sternschalen.de\/wp-content\/uploads\/2021\/01\/Screenshot-from-2021-01-08-21-37-09-1024x581.png 1024w, https:\/\/meisen.sternschalen.de\/wp-content\/uploads\/2021\/01\/Screenshot-from-2021-01-08-21-37-09-300x170.png 300w, https:\/\/meisen.sternschalen.de\/wp-content\/uploads\/2021\/01\/Screenshot-from-2021-01-08-21-37-09-768x435.png 768w, https:\/\/meisen.sternschalen.de\/wp-content\/uploads\/2021\/01\/Screenshot-from-2021-01-08-21-37-09-1536x871.png 1536w, https:\/\/meisen.sternschalen.de\/wp-content\/uploads\/2021\/01\/Screenshot-from-2021-01-08-21-37-09.png 1672w\" sizes=\"(max-width: 1024px) 100vw, 1024px\" \/><\/figure><\/li><li class=\"blocks-gallery-item\"><figure><img loading=\"lazy\" width=\"1024\" height=\"537\" src=\"https:\/\/meisen.sternschalen.de\/wp-content\/uploads\/2021\/01\/Screenshot-from-2021-01-08-21-38-45-1024x537.png\" alt=\"\" data-id=\"362\" data-full-url=\"https:\/\/meisen.sternschalen.de\/wp-content\/uploads\/2021\/01\/Screenshot-from-2021-01-08-21-38-45.png\" data-link=\"https:\/\/meisen.sternschalen.de\/?attachment_id=362\" class=\"wp-image-362\" srcset=\"https:\/\/meisen.sternschalen.de\/wp-content\/uploads\/2021\/01\/Screenshot-from-2021-01-08-21-38-45-1024x537.png 1024w, https:\/\/meisen.sternschalen.de\/wp-content\/uploads\/2021\/01\/Screenshot-from-2021-01-08-21-38-45-300x157.png 300w, https:\/\/meisen.sternschalen.de\/wp-content\/uploads\/2021\/01\/Screenshot-from-2021-01-08-21-38-45-768x403.png 768w, https:\/\/meisen.sternschalen.de\/wp-content\/uploads\/2021\/01\/Screenshot-from-2021-01-08-21-38-45-1536x805.png 1536w, https:\/\/meisen.sternschalen.de\/wp-content\/uploads\/2021\/01\/Screenshot-from-2021-01-08-21-38-45.png 1804w\" sizes=\"(max-width: 1024px) 100vw, 1024px\" \/><\/figure><\/li><li class=\"blocks-gallery-item\"><figure><img loading=\"lazy\" width=\"1024\" height=\"500\" src=\"https:\/\/meisen.sternschalen.de\/wp-content\/uploads\/2021\/01\/Screenshot-from-2021-01-08-21-39-27-1024x500.png\" alt=\"\" data-id=\"363\" data-full-url=\"https:\/\/meisen.sternschalen.de\/wp-content\/uploads\/2021\/01\/Screenshot-from-2021-01-08-21-39-27.png\" data-link=\"https:\/\/meisen.sternschalen.de\/?attachment_id=363\" class=\"wp-image-363\" srcset=\"https:\/\/meisen.sternschalen.de\/wp-content\/uploads\/2021\/01\/Screenshot-from-2021-01-08-21-39-27-1024x500.png 1024w, https:\/\/meisen.sternschalen.de\/wp-content\/uploads\/2021\/01\/Screenshot-from-2021-01-08-21-39-27-300x146.png 300w, https:\/\/meisen.sternschalen.de\/wp-content\/uploads\/2021\/01\/Screenshot-from-2021-01-08-21-39-27-768x375.png 768w, https:\/\/meisen.sternschalen.de\/wp-content\/uploads\/2021\/01\/Screenshot-from-2021-01-08-21-39-27.png 1441w\" sizes=\"(max-width: 1024px) 100vw, 1024px\" \/><\/figure><\/li><li class=\"blocks-gallery-item\"><figure><img loading=\"lazy\" width=\"1024\" height=\"498\" src=\"https:\/\/meisen.sternschalen.de\/wp-content\/uploads\/2021\/01\/Screenshot-from-2021-01-08-21-40-58-1024x498.png\" alt=\"\" data-id=\"364\" data-full-url=\"https:\/\/meisen.sternschalen.de\/wp-content\/uploads\/2021\/01\/Screenshot-from-2021-01-08-21-40-58.png\" data-link=\"https:\/\/meisen.sternschalen.de\/?attachment_id=364\" class=\"wp-image-364\" srcset=\"https:\/\/meisen.sternschalen.de\/wp-content\/uploads\/2021\/01\/Screenshot-from-2021-01-08-21-40-58-1024x498.png 1024w, https:\/\/meisen.sternschalen.de\/wp-content\/uploads\/2021\/01\/Screenshot-from-2021-01-08-21-40-58-300x146.png 300w, https:\/\/meisen.sternschalen.de\/wp-content\/uploads\/2021\/01\/Screenshot-from-2021-01-08-21-40-58-768x374.png 768w, https:\/\/meisen.sternschalen.de\/wp-content\/uploads\/2021\/01\/Screenshot-from-2021-01-08-21-40-58.png 1440w\" sizes=\"(max-width: 1024px) 100vw, 1024px\" \/><\/figure><\/li><\/ul><\/figure>\n<\/div><\/div><div class=\"listing-item\"><a class=\"title\" href=\"https:\/\/meisen.sternschalen.de\/?p=340\">Kohlmeise vertreibt Blaumeise<\/a> <span class=\"date\">13. Dezember 2020<\/span> <span class=\"category-display\"><span class=\"category-display-label\">Katgorie:<\/span> <a href=\"https:\/\/meisen.sternschalen.de\/?cat=3\">Nistkasten Ost<\/a><\/span><div class=\"content\">\n<p>Nachdem die Blaumeise fast eine Woche in unserem Nistkasten \u00fcbernachtet hat, wird sie von der Kohlmeise verjagt.             Seit diesem Vorfall wohnt die Kohlmeise im Nistkasten Ost.<\/p>\n\n\n\n<figure class=\"wp-block-embed-youtube wp-block-embed is-type-video is-provider-youtube wp-embed-aspect-16-9 wp-has-aspect-ratio\"><div class=\"wp-block-embed__wrapper\">\n<div class=\"nv-iframe-embed\"><iframe title=\"Kohlmeise verjagt Blaumeise!\" width=\"1200\" height=\"675\" src=\"https:\/\/www.youtube.com\/embed\/4d6ZeAURdw0?feature=oembed\" frameborder=\"0\" allow=\"accelerometer; autoplay; clipboard-write; encrypted-media; gyroscope; picture-in-picture\" allowfullscreen><\/iframe><\/div>\n<\/div><\/figure>\n\n\n\n<p><\/p>\n<\/div><\/div><div class=\"listing-item\"><a class=\"title\" href=\"https:\/\/meisen.sternschalen.de\/?p=333\">Erster \u00dcbernachtungsgast<\/a> <span class=\"date\">5. Dezember 2020<\/span> <span class=\"category-display\"><span class=\"category-display-label\">Katgorie:<\/span> <a href=\"https:\/\/meisen.sternschalen.de\/?cat=3\">Nistkasten Ost<\/a><\/span><div class=\"content\">\n<p>Nachdem die Kohlmeise weiterhin vormittags den Kasten Ost untersucht, hat inzwischen zum 3. Mal eine Blaumeise \u00fcbernachtet. Gute Nacht&#8230;<\/p>\n\n\n\n<p><\/p>\n\n\n\n<figure class=\"wp-block-embed-youtube wp-block-embed is-type-video is-provider-youtube wp-embed-aspect-16-9 wp-has-aspect-ratio\"><div class=\"wp-block-embed__wrapper\">\n<div class=\"nv-iframe-embed\"><iframe title=\"Blaumeise \u00fcbernachtet\" width=\"1200\" height=\"675\" src=\"https:\/\/www.youtube.com\/embed\/jt0GMI2xPVE?feature=oembed\" frameborder=\"0\" allow=\"accelerometer; autoplay; clipboard-write; encrypted-media; gyroscope; picture-in-picture\" allowfullscreen><\/iframe><\/div>\n<\/div><\/figure>\n<\/div><\/div><div class=\"listing-item\"><a class=\"title\" href=\"https:\/\/meisen.sternschalen.de\/?p=314\">Kohlmeise untersucht Kasten Ost<\/a> <span class=\"date\">1. Dezember 2020<\/span> <span class=\"category-display\"><span class=\"category-display-label\">Katgorie:<\/span> <a href=\"https:\/\/meisen.sternschalen.de\/?cat=3\">Nistkasten Ost<\/a><\/span><div class=\"content\">\n<p>Heute gabs eine ernsthafte Untersuchung:<\/p>\n\n\n\n<div style=\"height:38px\" aria-hidden=\"true\" class=\"wp-block-spacer\"><\/div>\n\n\n\n<figure class=\"wp-block-embed-youtube wp-block-embed is-type-video is-provider-youtube wp-embed-aspect-16-9 wp-has-aspect-ratio\"><div class=\"wp-block-embed__wrapper\">\n<div class=\"nv-iframe-embed\"><iframe title=\"Kohlmeise 2\" width=\"1200\" height=\"675\" src=\"https:\/\/www.youtube.com\/embed\/yedlf78lpdA?feature=oembed\" frameborder=\"0\" allow=\"accelerometer; autoplay; clipboard-write; encrypted-media; gyroscope; picture-in-picture\" allowfullscreen><\/iframe><\/div>\n<\/div><\/figure>\n<\/div><\/div><div class=\"listing-item\"><a class=\"title\" href=\"https:\/\/meisen.sternschalen.de\/?p=309\">Erste Inspection!<\/a> <span class=\"date\">28. November 2020<\/span> <span class=\"category-display\"><span class=\"category-display-label\">Katgorie:<\/span> <a href=\"https:\/\/meisen.sternschalen.de\/?cat=3\">Nistkasten Ost<\/a>, <a href=\"https:\/\/meisen.sternschalen.de\/?cat=4\">Nistkasten West<\/a><\/span><div class=\"content\">\n<figure class=\"wp-block-embed-youtube wp-block-embed is-type-video is-provider-youtube wp-embed-aspect-16-9 wp-has-aspect-ratio\"><div class=\"wp-block-embed__wrapper\">\n<div class=\"nv-iframe-embed\"><iframe title=\"Erste Inspektion?\" width=\"1200\" height=\"675\" src=\"https:\/\/www.youtube.com\/embed\/FAoic-_CL5c?feature=oembed\" frameborder=\"0\" allow=\"accelerometer; autoplay; clipboard-write; encrypted-media; gyroscope; picture-in-picture\" allowfullscreen><\/iframe><\/div>\n<\/div><\/figure>\n\n\n\n<p><\/p>\n<\/div><\/div><div class=\"listing-item\"><a class=\"title\" href=\"https:\/\/meisen.sternschalen.de\/?p=302\">Die ersten Besucher, an beiden Standorten<\/a> <span class=\"date\">22. November 2020<\/span> <span class=\"category-display\"><span class=\"category-display-label\">Katgorie:<\/span> <a href=\"https:\/\/meisen.sternschalen.de\/?cat=1\">Allgemein<\/a>, <a href=\"https:\/\/meisen.sternschalen.de\/?cat=3\">Nistkasten Ost<\/a>, <a href=\"https:\/\/meisen.sternschalen.de\/?cat=4\">Nistkasten West<\/a><\/span><div class=\"content\">\n<p>Kohlmeise?<\/p>\n\n\n\n<figure class=\"wp-block-embed-youtube wp-block-embed is-type-video is-provider-youtube wp-embed-aspect-16-9 wp-has-aspect-ratio\"><div class=\"wp-block-embed__wrapper\">\n<div class=\"nv-iframe-embed\"><iframe title=\"Erste Besucher\" width=\"1200\" height=\"675\" src=\"https:\/\/www.youtube.com\/embed\/hhlZsouKkHk?feature=oembed\" frameborder=\"0\" allow=\"accelerometer; autoplay; clipboard-write; encrypted-media; gyroscope; picture-in-picture\" allowfullscreen><\/iframe><\/div>\n<\/div><\/figure>\n<\/div><\/div><div class=\"listing-item\"><a class=\"title\" href=\"https:\/\/meisen.sternschalen.de\/?p=274\">Nistkasten Ost h\u00e4ngt!<\/a> <span class=\"date\">20. November 2020<\/span> <span class=\"category-display\"><span class=\"category-display-label\">Katgorie:<\/span> <a href=\"https:\/\/meisen.sternschalen.de\/?cat=3\">Nistkasten Ost<\/a><\/span><div class=\"content\">\n<p>Ab heute h\u00e4ngt er an der Hauswand! Mal sehen wann jemand gucken kommt &#x1f426;<\/p>\n\n\n\n<figure class=\"wp-block-gallery columns-3 is-cropped\"><ul class=\"blocks-gallery-grid\"><li class=\"blocks-gallery-item\"><figure><img loading=\"lazy\" width=\"1698\" height=\"2560\" src=\"https:\/\/meisen.sternschalen.de\/wp-content\/uploads\/2020\/11\/img_0521-1-scaled.jpg\" data-id=\"284\" class=\"wp-image-284\" srcset=\"https:\/\/meisen.sternschalen.de\/wp-content\/uploads\/2020\/11\/img_0521-1-scaled.jpg 1698w, https:\/\/meisen.sternschalen.de\/wp-content\/uploads\/2020\/11\/img_0521-1-199x300.jpg 199w, https:\/\/meisen.sternschalen.de\/wp-content\/uploads\/2020\/11\/img_0521-1-679x1024.jpg 679w, https:\/\/meisen.sternschalen.de\/wp-content\/uploads\/2020\/11\/img_0521-1-768x1158.jpg 768w, https:\/\/meisen.sternschalen.de\/wp-content\/uploads\/2020\/11\/img_0521-1-1019x1536.jpg 1019w, https:\/\/meisen.sternschalen.de\/wp-content\/uploads\/2020\/11\/img_0521-1-1359x2048.jpg 1359w\" sizes=\"(max-width: 1698px) 100vw, 1698px\" \/><\/figure><\/li><li class=\"blocks-gallery-item\"><figure><img loading=\"lazy\" width=\"1156\" height=\"2560\" src=\"https:\/\/meisen.sternschalen.de\/wp-content\/uploads\/2020\/11\/img_0522-1-scaled.jpg\" data-id=\"282\" class=\"wp-image-282\" srcset=\"https:\/\/meisen.sternschalen.de\/wp-content\/uploads\/2020\/11\/img_0522-1-scaled.jpg 1156w, https:\/\/meisen.sternschalen.de\/wp-content\/uploads\/2020\/11\/img_0522-1-136x300.jpg 136w, https:\/\/meisen.sternschalen.de\/wp-content\/uploads\/2020\/11\/img_0522-1-463x1024.jpg 463w, https:\/\/meisen.sternschalen.de\/wp-content\/uploads\/2020\/11\/img_0522-1-768x1700.jpg 768w, https:\/\/meisen.sternschalen.de\/wp-content\/uploads\/2020\/11\/img_0522-1-694x1536.jpg 694w, https:\/\/meisen.sternschalen.de\/wp-content\/uploads\/2020\/11\/img_0522-1-925x2048.jpg 925w\" sizes=\"(max-width: 1156px) 100vw, 1156px\" \/><\/figure><\/li><li class=\"blocks-gallery-item\"><figure><img loading=\"lazy\" width=\"1748\" height=\"2560\" src=\"https:\/\/meisen.sternschalen.de\/wp-content\/uploads\/2020\/11\/img_0523-1-scaled.jpg\" data-id=\"283\" class=\"wp-image-283\" srcset=\"https:\/\/meisen.sternschalen.de\/wp-content\/uploads\/2020\/11\/img_0523-1-scaled.jpg 1748w, https:\/\/meisen.sternschalen.de\/wp-content\/uploads\/2020\/11\/img_0523-1-205x300.jpg 205w, https:\/\/meisen.sternschalen.de\/wp-content\/uploads\/2020\/11\/img_0523-1-699x1024.jpg 699w, https:\/\/meisen.sternschalen.de\/wp-content\/uploads\/2020\/11\/img_0523-1-768x1125.jpg 768w, https:\/\/meisen.sternschalen.de\/wp-content\/uploads\/2020\/11\/img_0523-1-1049x1536.jpg 1049w, https:\/\/meisen.sternschalen.de\/wp-content\/uploads\/2020\/11\/img_0523-1-1398x2048.jpg 1398w\" sizes=\"(max-width: 1748px) 100vw, 1748px\" \/><\/figure><\/li><\/ul><\/figure>\n\n\n\n<p><\/p>\n<\/div><\/div><div class=\"listing-item\"><a class=\"title\" href=\"https:\/\/meisen.sternschalen.de\/?p=168\">Erster Aufnahmetest<\/a> <span class=\"date\">15. November 2020<\/span> <span class=\"category-display\"><span class=\"category-display-label\">Katgorie:<\/span> <a href=\"https:\/\/meisen.sternschalen.de\/?cat=3\">Nistkasten Ost<\/a><\/span><div class=\"content\">\n<figure class=\"wp-block-embed-youtube wp-block-embed is-type-video is-provider-youtube wp-embed-aspect-16-9 wp-has-aspect-ratio\"><div class=\"wp-block-embed__wrapper\">\n<div class=\"nv-iframe-embed\"><iframe title=\"Erster Aufnahmetest\" width=\"1200\" height=\"675\" src=\"https:\/\/www.youtube.com\/embed\/sRwH-8Fv6w4?feature=oembed\" frameborder=\"0\" allow=\"accelerometer; autoplay; clipboard-write; encrypted-media; gyroscope; picture-in-picture\" allowfullscreen><\/iframe><\/div>\n<\/div><\/figure>\n<\/div><\/div><div class=\"listing-item\"><a class=\"title\" href=\"https:\/\/meisen.sternschalen.de\/?p=74\">Nistk\u00e4sten fertig!<\/a> <span class=\"date\">15. November 2020<\/span> <span class=\"category-display\"><span class=\"category-display-label\">Katgorie:<\/span> <a href=\"https:\/\/meisen.sternschalen.de\/?cat=1\">Allgemein<\/a>, <a href=\"https:\/\/meisen.sternschalen.de\/?cat=3\">Nistkasten Ost<\/a>, <a href=\"https:\/\/meisen.sternschalen.de\/?cat=4\">Nistkasten West<\/a><\/span><div class=\"content\">\n<p>Ein paar Fotos von den fast fertigen K\u00e4sten bevor sie aufgeh\u00e4ngt werden&#8230;<\/p>\n\n\n\n<div class=\"wp-block-group\"><div class=\"wp-block-group__inner-container\">\n<div class=\"wp-block-group\"><div class=\"wp-block-group__inner-container\">\n<figure class=\"wp-block-gallery columns-3 is-cropped\"><ul class=\"blocks-gallery-grid\"><li class=\"blocks-gallery-item\"><figure><img loading=\"lazy\" width=\"768\" height=\"1024\" src=\"https:\/\/meisen.sternschalen.de\/wp-content\/uploads\/2020\/11\/7DE52723-722F-4131-BB75-C113C1C1B748_1_105_c.jpeg\" alt=\"\" data-id=\"160\" data-full-url=\"https:\/\/meisen.sternschalen.de\/wp-content\/uploads\/2020\/11\/7DE52723-722F-4131-BB75-C113C1C1B748_1_105_c.jpeg\" data-link=\"https:\/\/meisen.sternschalen.de\/?attachment_id=160\" class=\"wp-image-160\" srcset=\"https:\/\/meisen.sternschalen.de\/wp-content\/uploads\/2020\/11\/7DE52723-722F-4131-BB75-C113C1C1B748_1_105_c.jpeg 768w, https:\/\/meisen.sternschalen.de\/wp-content\/uploads\/2020\/11\/7DE52723-722F-4131-BB75-C113C1C1B748_1_105_c-225x300.jpeg 225w\" sizes=\"(max-width: 768px) 100vw, 768px\" \/><\/figure><\/li><li class=\"blocks-gallery-item\"><figure><img loading=\"lazy\" width=\"768\" height=\"1024\" src=\"https:\/\/meisen.sternschalen.de\/wp-content\/uploads\/2020\/11\/F565EEF3-1056-4FDD-B77D-DAED20C94E88_1_105_c.jpeg\" alt=\"\" data-id=\"159\" data-full-url=\"https:\/\/meisen.sternschalen.de\/wp-content\/uploads\/2020\/11\/F565EEF3-1056-4FDD-B77D-DAED20C94E88_1_105_c.jpeg\" data-link=\"https:\/\/meisen.sternschalen.de\/?attachment_id=159\" class=\"wp-image-159\" srcset=\"https:\/\/meisen.sternschalen.de\/wp-content\/uploads\/2020\/11\/F565EEF3-1056-4FDD-B77D-DAED20C94E88_1_105_c.jpeg 768w, https:\/\/meisen.sternschalen.de\/wp-content\/uploads\/2020\/11\/F565EEF3-1056-4FDD-B77D-DAED20C94E88_1_105_c-225x300.jpeg 225w\" sizes=\"(max-width: 768px) 100vw, 768px\" \/><\/figure><\/li><li class=\"blocks-gallery-item\"><figure><img loading=\"lazy\" width=\"768\" height=\"1024\" src=\"https:\/\/meisen.sternschalen.de\/wp-content\/uploads\/2020\/11\/F299C03F-0633-4240-826A-C31F433258AA_1_105_c.jpeg\" alt=\"\" data-id=\"157\" data-full-url=\"https:\/\/meisen.sternschalen.de\/wp-content\/uploads\/2020\/11\/F299C03F-0633-4240-826A-C31F433258AA_1_105_c.jpeg\" data-link=\"https:\/\/meisen.sternschalen.de\/?attachment_id=157\" class=\"wp-image-157\" srcset=\"https:\/\/meisen.sternschalen.de\/wp-content\/uploads\/2020\/11\/F299C03F-0633-4240-826A-C31F433258AA_1_105_c.jpeg 768w, https:\/\/meisen.sternschalen.de\/wp-content\/uploads\/2020\/11\/F299C03F-0633-4240-826A-C31F433258AA_1_105_c-225x300.jpeg 225w\" sizes=\"(max-width: 768px) 100vw, 768px\" \/><\/figure><\/li><li class=\"blocks-gallery-item\"><figure><img loading=\"lazy\" width=\"768\" height=\"1024\" src=\"https:\/\/meisen.sternschalen.de\/wp-content\/uploads\/2020\/11\/832BAE2C-4124-4903-B8C0-BA3F4D9823BD_1_105_c.jpeg\" alt=\"\" data-id=\"158\" data-full-url=\"https:\/\/meisen.sternschalen.de\/wp-content\/uploads\/2020\/11\/832BAE2C-4124-4903-B8C0-BA3F4D9823BD_1_105_c.jpeg\" data-link=\"https:\/\/meisen.sternschalen.de\/?attachment_id=158\" class=\"wp-image-158\" srcset=\"https:\/\/meisen.sternschalen.de\/wp-content\/uploads\/2020\/11\/832BAE2C-4124-4903-B8C0-BA3F4D9823BD_1_105_c.jpeg 768w, https:\/\/meisen.sternschalen.de\/wp-content\/uploads\/2020\/11\/832BAE2C-4124-4903-B8C0-BA3F4D9823BD_1_105_c-225x300.jpeg 225w\" sizes=\"(max-width: 768px) 100vw, 768px\" \/><\/figure><\/li><li class=\"blocks-gallery-item\"><figure><img loading=\"lazy\" width=\"768\" height=\"1024\" src=\"https:\/\/meisen.sternschalen.de\/wp-content\/uploads\/2020\/11\/407960B8-0FAE-47DB-9D0F-DCC1E955A95F_1_105_c.jpeg\" alt=\"\" data-id=\"156\" data-full-url=\"https:\/\/meisen.sternschalen.de\/wp-content\/uploads\/2020\/11\/407960B8-0FAE-47DB-9D0F-DCC1E955A95F_1_105_c.jpeg\" data-link=\"https:\/\/meisen.sternschalen.de\/?attachment_id=156\" class=\"wp-image-156\" srcset=\"https:\/\/meisen.sternschalen.de\/wp-content\/uploads\/2020\/11\/407960B8-0FAE-47DB-9D0F-DCC1E955A95F_1_105_c.jpeg 768w, https:\/\/meisen.sternschalen.de\/wp-content\/uploads\/2020\/11\/407960B8-0FAE-47DB-9D0F-DCC1E955A95F_1_105_c-225x300.jpeg 225w\" sizes=\"(max-width: 768px) 100vw, 768px\" \/><\/figure><\/li><li class=\"blocks-gallery-item\"><figure><img loading=\"lazy\" width=\"768\" height=\"1024\" src=\"https:\/\/meisen.sternschalen.de\/wp-content\/uploads\/2020\/11\/65587C84-C496-451D-BE86-B4C299E4D1D9_1_105_c.jpeg\" alt=\"\" data-id=\"154\" data-full-url=\"https:\/\/meisen.sternschalen.de\/wp-content\/uploads\/2020\/11\/65587C84-C496-451D-BE86-B4C299E4D1D9_1_105_c.jpeg\" data-link=\"https:\/\/meisen.sternschalen.de\/?attachment_id=154\" class=\"wp-image-154\" srcset=\"https:\/\/meisen.sternschalen.de\/wp-content\/uploads\/2020\/11\/65587C84-C496-451D-BE86-B4C299E4D1D9_1_105_c.jpeg 768w, https:\/\/meisen.sternschalen.de\/wp-content\/uploads\/2020\/11\/65587C84-C496-451D-BE86-B4C299E4D1D9_1_105_c-225x300.jpeg 225w\" sizes=\"(max-width: 768px) 100vw, 768px\" \/><\/figure><\/li><li class=\"blocks-gallery-item\"><figure><img loading=\"lazy\" width=\"768\" height=\"1024\" src=\"https:\/\/meisen.sternschalen.de\/wp-content\/uploads\/2020\/11\/FFB8B60D-A3FA-498B-A288-1FDF3B869B78_1_105_c.jpeg\" alt=\"\" data-id=\"153\" data-full-url=\"https:\/\/meisen.sternschalen.de\/wp-content\/uploads\/2020\/11\/FFB8B60D-A3FA-498B-A288-1FDF3B869B78_1_105_c.jpeg\" data-link=\"https:\/\/meisen.sternschalen.de\/?attachment_id=153\" class=\"wp-image-153\" srcset=\"https:\/\/meisen.sternschalen.de\/wp-content\/uploads\/2020\/11\/FFB8B60D-A3FA-498B-A288-1FDF3B869B78_1_105_c.jpeg 768w, https:\/\/meisen.sternschalen.de\/wp-content\/uploads\/2020\/11\/FFB8B60D-A3FA-498B-A288-1FDF3B869B78_1_105_c-225x300.jpeg 225w\" sizes=\"(max-width: 768px) 100vw, 768px\" \/><\/figure><\/li><li class=\"blocks-gallery-item\"><figure><img loading=\"lazy\" width=\"768\" height=\"1024\" src=\"https:\/\/meisen.sternschalen.de\/wp-content\/uploads\/2020\/11\/D4BA11C2-247A-4F5C-AEEE-9684BA731C05_1_105_c.jpeg\" alt=\"\" data-id=\"152\" data-full-url=\"https:\/\/meisen.sternschalen.de\/wp-content\/uploads\/2020\/11\/D4BA11C2-247A-4F5C-AEEE-9684BA731C05_1_105_c.jpeg\" data-link=\"https:\/\/meisen.sternschalen.de\/?attachment_id=152\" class=\"wp-image-152\" srcset=\"https:\/\/meisen.sternschalen.de\/wp-content\/uploads\/2020\/11\/D4BA11C2-247A-4F5C-AEEE-9684BA731C05_1_105_c.jpeg 768w, https:\/\/meisen.sternschalen.de\/wp-content\/uploads\/2020\/11\/D4BA11C2-247A-4F5C-AEEE-9684BA731C05_1_105_c-225x300.jpeg 225w\" sizes=\"(max-width: 768px) 100vw, 768px\" \/><\/figure><\/li><li class=\"blocks-gallery-item\"><figure><img loading=\"lazy\" width=\"768\" height=\"1024\" src=\"https:\/\/meisen.sternschalen.de\/wp-content\/uploads\/2020\/11\/9A5376F7-4F67-4FBB-ACFC-891885D75403_1_105_c.jpeg\" alt=\"\" data-id=\"151\" data-full-url=\"https:\/\/meisen.sternschalen.de\/wp-content\/uploads\/2020\/11\/9A5376F7-4F67-4FBB-ACFC-891885D75403_1_105_c.jpeg\" data-link=\"https:\/\/meisen.sternschalen.de\/?attachment_id=151\" class=\"wp-image-151\" srcset=\"https:\/\/meisen.sternschalen.de\/wp-content\/uploads\/2020\/11\/9A5376F7-4F67-4FBB-ACFC-891885D75403_1_105_c.jpeg 768w, https:\/\/meisen.sternschalen.de\/wp-content\/uploads\/2020\/11\/9A5376F7-4F67-4FBB-ACFC-891885D75403_1_105_c-225x300.jpeg 225w\" sizes=\"(max-width: 768px) 100vw, 768px\" \/><\/figure><\/li><\/ul><\/figure>\n<\/div><\/div>\n<\/div><\/div>\n\n\n\n<p><\/p>\n<\/div><\/div><\/div>\n","protected":false},"excerpt":{"rendered":"","protected":false},"author":2,"featured_media":0,"parent":0,"menu_order":0,"comment_status":"closed","ping_status":"closed","template":"","meta":{"neve_meta_sidebar":"full-width","neve_meta_container":"","neve_meta_enable_content_width":"on","neve_meta_content_width":100,"neve_meta_title_alignment":"","neve_meta_author_avatar":"","neve_post_elements_order":"","neve_meta_disable_header":"","neve_meta_disable_footer":"","neve_meta_disable_title":""},"_links":{"self":[{"href":"https:\/\/meisen.sternschalen.de\/index.php?rest_route=\/wp\/v2\/pages\/221"}],"collection":[{"href":"https:\/\/meisen.sternschalen.de\/index.php?rest_route=\/wp\/v2\/pages"}],"about":[{"href":"https:\/\/meisen.sternschalen.de\/index.php?rest_route=\/wp\/v2\/types\/page"}],"author":[{"embeddable":true,"href":"https:\/\/meisen.sternschalen.de\/index.php?rest_route=\/wp\/v2\/users\/2"}],"replies":[{"embeddable":true,"href":"https:\/\/meisen.sternschalen.de\/index.php?rest_route=%2Fwp%2Fv2%2Fcomments&post=221"}],"version-history":[{"count":3,"href":"https:\/\/meisen.sternschalen.de\/index.php?rest_route=\/wp\/v2\/pages\/221\/revisions"}],"predecessor-version":[{"id":286,"href":"https:\/\/meisen.sternschalen.de\/index.php?rest_route=\/wp\/v2\/pages\/221\/revisions\/286"}],"wp:attachment":[{"href":"https:\/\/meisen.sternschalen.de\/index.php?rest_route=%2Fwp%2Fv2%2Fmedia&parent=221"}],"curies":[{"name":"wp","href":"https:\/\/api.w.org\/{rel}","templated":true}]}}